{"id":1620,"date":"2024-01-15T13:14:53","date_gmt":"2024-01-15T13:14:53","guid":{"rendered":"https:\/\/www.chateau-du-burg.fr\/?page_id=1620"},"modified":"2024-01-15T16:23:41","modified_gmt":"2024-01-15T16:23:41","slug":"explorez-l-interieur-du-chateau-du-burg","status":"publish","type":"page","link":"https:\/\/www.chateau-du-burg.fr\/?page_id=1620","title":{"rendered":"Explorez l&#8217;Int\u00e9rieur du Ch\u00e2teau du Burg"},"content":{"rendered":"\n<div class=\"wp-block-group alignfull is-layout-flow wp-block-group-is-layout-flow\">\n<div class=\"wp-block-group alignfull has-global-padding is-layout-constrained wp-container-4 wp-block-group-is-layout-constrained\" style=\"padding-top:var(--wp--preset--spacing--superbspacing-xxlarge);padding-right:var(--wp--preset--spacing--superbspacing-small);padding-bottom:var(--wp--preset--spacing--superbspacing-xxlarge);padding-left:var(--wp--preset--spacing--superbspacing-small)\">\n<div class=\"wp-block-columns alignwide is-layout-flex wp-container-3 wp-block-columns-is-layout-flex\" style=\"margin-top:0;margin-bottom:0\">\n<div class=\"wp-block-column is-vertically-aligned-center is-layout-flow wp-container-1 wp-block-column-is-layout-flow\">\n<h2 class=\"wp-block-heading has-text-align-left has-primary-color has-text-color has-superbfont-xxsmall-font-size\" style=\"font-style:normal;font-weight:700;letter-spacing:5px;text-transform:uppercase\"><strong>Chambres<\/strong><\/h2>\n\n\n\n<p class=\"has-text-align-left has-secondary-color has-text-color has-superbfont-medium-font-size\">Le ch\u00e2teau peut accueillir des groupes allant jusqu&#8217;\u00e0 douze personnes. Il y a cinq chambres, deux d&#8217;entre elles ont leur salle de bain priv\u00e9es. Une des chambres avec salle de bain est au rez de chauss\u00e9e ce qui est pratique pour les personnes \u00e0 mobilit\u00e9 r\u00e9duite.<\/p>\n\n\n\n<p><\/p>\n<\/div>\n\n\n\n<div class=\"wp-block-column is-vertically-aligned-center is-layout-flow wp-container-2 wp-block-column-is-layout-flow\" style=\"padding-right:0;padding-bottom:0;padding-left:0\">\n<figure class=\"wp-block-image size-large has-custom-border\"><img decoding=\"async\" loading=\"lazy\" width=\"1024\" height=\"640\" src=\"https:\/\/www.chateau-du-burg.fr\/wp-content\/uploads\/2024\/01\/PXL_20230712_095112467.MP2_-1024x640.jpg\" alt=\"\" class=\"wp-image-1616\" style=\"border-radius:20px\" srcset=\"https:\/\/www.chateau-du-burg.fr\/wp-content\/uploads\/2024\/01\/PXL_20230712_095112467.MP2_-1024x640.jpg 1024w, https:\/\/www.chateau-du-burg.fr\/wp-content\/uploads\/2024\/01\/PXL_20230712_095112467.MP2_-300x187.jpg 300w, https:\/\/www.chateau-du-burg.fr\/wp-content\/uploads\/2024\/01\/PXL_20230712_095112467.MP2_-768x480.jpg 768w, https:\/\/www.chateau-du-burg.fr\/wp-content\/uploads\/2024\/01\/PXL_20230712_095112467.MP2_-1536x959.jpg 1536w, https:\/\/www.chateau-du-burg.fr\/wp-content\/uploads\/2024\/01\/PXL_20230712_095112467.MP2_-2048x1279.jpg 2048w\" sizes=\"(max-width: 1024px) 100vw, 1024px\" \/><\/figure>\n<\/div>\n<\/div>\n<\/div>\n\n\n\n<div class=\"wp-block-superb-addons-cover-image\"><div class=\"superbaddons-coverimage-block\" style=\"border-radius:0%;min-height:400px;background-image:url(https:\/\/www.chateau-du-burg.fr\/wp-content\/uploads\/2024\/01\/PXL_20230711_142012703.MP_-scaled.jpg);background-position:49% 51%;background-size:cover;background-repeat:no-repeat\"><\/div><\/div>\n\n\n\n<div class=\"wp-block-group alignfull is-layout-flow wp-block-group-is-layout-flow\">\n<div class=\"wp-block-group alignfull has-global-padding is-layout-constrained wp-container-8 wp-block-group-is-layout-constrained\" style=\"padding-top:var(--wp--preset--spacing--superbspacing-xxlarge);padding-right:var(--wp--preset--spacing--superbspacing-small);padding-bottom:var(--wp--preset--spacing--superbspacing-xxlarge);padding-left:var(--wp--preset--spacing--superbspacing-small)\">\n<div class=\"wp-block-columns alignwide is-layout-flex wp-container-7 wp-block-columns-is-layout-flex\" style=\"margin-top:0;margin-bottom:0\">\n<div class=\"wp-block-column is-vertically-aligned-center is-layout-flow wp-container-5 wp-block-column-is-layout-flow\">\n<h2 class=\"wp-block-heading has-text-align-left has-primary-color has-text-color has-superbfont-xxsmall-font-size\" style=\"font-style:normal;font-weight:700;letter-spacing:5px;text-transform:uppercase\">Salles de bain<\/h2>\n\n\n\n<p class=\"has-text-align-left has-secondary-color has-text-color has-superbfont-medium-font-size\">En plus des deux salles de bain priv\u00e9es, le ch\u00e2teau compte deux salles de bains familiales et un WC au rez de chauss\u00e9.<\/p>\n<\/div>\n\n\n\n<div class=\"wp-block-column is-vertically-aligned-center is-layout-flow wp-container-6 wp-block-column-is-layout-flow\" style=\"padding-right:0;padding-bottom:0;padding-left:0\">\n<figure class=\"wp-block-image size-full has-custom-border\"><img decoding=\"async\" loading=\"lazy\" width=\"636\" height=\"429\" src=\"https:\/\/www.chateau-du-burg.fr\/wp-content\/uploads\/2024\/01\/sdb1.jpg\" alt=\"\" class=\"wp-image-1622\" style=\"border-radius:20px\" srcset=\"https:\/\/www.chateau-du-burg.fr\/wp-content\/uploads\/2024\/01\/sdb1.jpg 636w, https:\/\/www.chateau-du-burg.fr\/wp-content\/uploads\/2024\/01\/sdb1-300x202.jpg 300w\" sizes=\"(max-width: 636px) 100vw, 636px\" \/><\/figure>\n<\/div>\n<\/div>\n<\/div>\n\n\n\n<div class=\"wp-block-superb-addons-cover-image\"><div class=\"superbaddons-coverimage-block\" style=\"border-radius:0%;min-height:400px;background-image:url(https:\/\/www.chateau-du-burg.fr\/wp-content\/uploads\/2024\/01\/9a2880be-adce-43a0-9d05-4fb38b6f3564.jpg);background-position:51% 97%;background-size:cover;background-repeat:no-repeat\"><\/div><\/div>\n\n\n\n<div class=\"wp-block-group alignfull is-layout-flow wp-block-group-is-layout-flow\">\n<div class=\"wp-block-group alignfull has-global-padding is-layout-constrained wp-container-12 wp-block-group-is-layout-constrained\" style=\"padding-top:var(--wp--preset--spacing--superbspacing-xxlarge);padding-right:var(--wp--preset--spacing--superbspacing-small);padding-bottom:var(--wp--preset--spacing--superbspacing-xxlarge);padding-left:var(--wp--preset--spacing--superbspacing-small)\">\n<div class=\"wp-block-columns alignwide is-layout-flex wp-container-11 wp-block-columns-is-layout-flex\" style=\"margin-top:0;margin-bottom:0\">\n<div class=\"wp-block-column is-vertically-aligned-center is-layout-flow wp-container-9 wp-block-column-is-layout-flow\">\n<h2 class=\"wp-block-heading has-text-align-left has-primary-color has-text-color has-superbfont-xxsmall-font-size\" style=\"font-style:normal;font-weight:700;letter-spacing:5px;text-transform:uppercase\"><strong>Espaces Communs<\/strong><\/h2>\n\n\n\n<p class=\"has-text-align-left has-secondary-color has-text-color has-superbfont-medium-font-size\">La cuisine spacieuse de 35 m2 est un lieu o\u00f9 l&#8217;art culinaire rencontre l&#8217;histoire. Enti\u00e8rement \u00e9quip\u00e9e, elle offre un espace id\u00e9al pour pr\u00e9parer des repas m\u00e9morables \u00e0 partager en famille et entre amis. La salle de s\u00e9jour de 45 m2, dot\u00e9e de mobilier \u00e9l\u00e9gant, vous invite \u00e0 vous d\u00e9tendre dans une ambiance chaleureuse et conviviale.<\/p>\n<\/div>\n\n\n\n<div class=\"wp-block-column is-vertically-aligned-center is-layout-flow wp-container-10 wp-block-column-is-layout-flow\" style=\"padding-right:0;padding-bottom:0;padding-left:0\">\n<figure class=\"wp-block-image size-large has-custom-border\"><img decoding=\"async\" loading=\"lazy\" width=\"1024\" height=\"652\" src=\"https:\/\/www.chateau-du-burg.fr\/wp-content\/uploads\/2024\/01\/60cd3762-ccc4-4ff1-bad5-e143530ae459-1024x652.jpg\" alt=\"\" class=\"wp-image-1579\" style=\"border-radius:20px\" srcset=\"https:\/\/www.chateau-du-burg.fr\/wp-content\/uploads\/2024\/01\/60cd3762-ccc4-4ff1-bad5-e143530ae459-1024x652.jpg 1024w, https:\/\/www.chateau-du-burg.fr\/wp-content\/uploads\/2024\/01\/60cd3762-ccc4-4ff1-bad5-e143530ae459-300x191.jpg 300w, https:\/\/www.chateau-du-burg.fr\/wp-content\/uploads\/2024\/01\/60cd3762-ccc4-4ff1-bad5-e143530ae459-768x489.jpg 768w, https:\/\/www.chateau-du-burg.fr\/wp-content\/uploads\/2024\/01\/60cd3762-ccc4-4ff1-bad5-e143530ae459-1536x978.jpg 1536w, https:\/\/www.chateau-du-burg.fr\/wp-content\/uploads\/2024\/01\/60cd3762-ccc4-4ff1-bad5-e143530ae459.jpg 1600w\" sizes=\"(max-width: 1024px) 100vw, 1024px\" \/><\/figure>\n<\/div>\n<\/div>\n<\/div>\n<\/div>\n<\/div>\n<\/div>\n","protected":false},"excerpt":{"rendered":"<p>Chambres Le ch\u00e2teau peut accueillir des groupes allant jusqu&#8217;\u00e0 douze personnes. Il y a cinq chambres, deux d&#8217;entre elles ont leur salle de bain priv\u00e9es. Une des chambres avec salle de bain est au rez de chauss\u00e9e ce qui est pratique pour les personnes \u00e0 mobilit\u00e9 r\u00e9duite. Salles de bain En plus des deux salles [&hellip;]<\/p>\n","protected":false},"author":1,"featured_media":1542,"parent":0,"menu_order":0,"comment_status":"closed","ping_status":"closed","template":"wp-custom-template-jujus","meta":{"footnotes":""},"_links":{"self":[{"href":"https:\/\/www.chateau-du-burg.fr\/index.php?rest_route=\/wp\/v2\/pages\/1620"}],"collection":[{"href":"https:\/\/www.chateau-du-burg.fr\/index.php?rest_route=\/wp\/v2\/pages"}],"about":[{"href":"https:\/\/www.chateau-du-burg.fr\/index.php?rest_route=\/wp\/v2\/types\/page"}],"author":[{"embeddable":true,"href":"https:\/\/www.chateau-du-burg.fr\/index.php?rest_route=\/wp\/v2\/users\/1"}],"replies":[{"embeddable":true,"href":"https:\/\/www.chateau-du-burg.fr\/index.php?rest_route=%2Fwp%2Fv2%2Fcomments&post=1620"}],"version-history":[{"count":4,"href":"https:\/\/www.chateau-du-burg.fr\/index.php?rest_route=\/wp\/v2\/pages\/1620\/revisions"}],"predecessor-version":[{"id":1689,"href":"https:\/\/www.chateau-du-burg.fr\/index.php?rest_route=\/wp\/v2\/pages\/1620\/revisions\/1689"}],"wp:featuredmedia":[{"embeddable":true,"href":"https:\/\/www.chateau-du-burg.fr\/index.php?rest_route=\/wp\/v2\/media\/1542"}],"wp:attachment":[{"href":"https:\/\/www.chateau-du-burg.fr\/index.php?rest_route=%2Fwp%2Fv2%2Fmedia&parent=1620"}],"curies":[{"name":"wp","href":"https:\/\/api.w.org\/{rel}","templated":true}]}}