{"id":1605,"date":"2024-01-15T13:14:02","date_gmt":"2024-01-15T13:14:02","guid":{"rendered":"https:\/\/www.chateau-du-burg.fr\/?page_id=1605"},"modified":"2024-01-15T15:36:25","modified_gmt":"2024-01-15T15:36:25","slug":"jardins-et-piscine","status":"publish","type":"page","link":"https:\/\/www.chateau-du-burg.fr\/?page_id=1605","title":{"rendered":"Jardin et Piscine"},"content":{"rendered":"\n<p><\/p>\n\n\n\n<div class=\"wp-block-group alignfull has-global-padding is-layout-constrained wp-container-6 wp-block-group-is-layout-constrained\" style=\"padding-top:var(--wp--preset--spacing--superbspacing-xxlarge);padding-right:var(--wp--preset--spacing--superbspacing-small);padding-bottom:var(--wp--preset--spacing--superbspacing-xxlarge);padding-left:var(--wp--preset--spacing--superbspacing-small)\">\n<div class=\"wp-block-columns alignwide is-layout-flex wp-container-5 wp-block-columns-is-layout-flex\" style=\"margin-top:0;margin-bottom:0\">\n<div class=\"wp-block-column is-vertically-aligned-center is-layout-flow wp-container-1 wp-block-column-is-layout-flow\">\n<h2 class=\"wp-block-heading has-text-align-left has-primary-color has-text-color has-superbfont-xxsmall-font-size\" style=\"font-style:normal;font-weight:700;letter-spacing:5px;text-transform:uppercase\"><strong>Une piscine<\/strong><\/h2>\n\n\n\n<p class=\"has-secondary-color has-text-color has-superbfont-medium-font-size\">Plongez dans une oasis de rafra\u00eechissement avec notre piscine de 5m par 12m, le point central des chaudes journ\u00e9es d&#8217;\u00e9t\u00e9 au ch\u00e2teau. Entour\u00e9e de chaises longues confortables, la piscine offre un cadre paisible pour se d\u00e9tendre et profiter du soleil.<\/p>\n<\/div>\n\n\n\n<div class=\"wp-block-column is-vertically-aligned-center is-layout-flow wp-container-4 wp-block-column-is-layout-flow\" style=\"padding-right:0;padding-bottom:0;padding-left:0\">\n<figure class=\"wp-block-gallery has-nested-images columns-default is-cropped wp-block-gallery-2 is-layout-flex wp-block-gallery-is-layout-flex\">\n<figure class=\"wp-block-image size-large has-custom-border\"><img decoding=\"async\" loading=\"lazy\" width=\"1024\" height=\"898\" src=\"https:\/\/www.chateau-du-burg.fr\/wp-content\/uploads\/2024\/01\/IMG_2513-1024x898.jpg\" alt=\"\" class=\"wp-image-1527\" style=\"border-radius:20px\" srcset=\"https:\/\/www.chateau-du-burg.fr\/wp-content\/uploads\/2024\/01\/IMG_2513-1024x898.jpg 1024w, https:\/\/www.chateau-du-burg.fr\/wp-content\/uploads\/2024\/01\/IMG_2513-300x263.jpg 300w, https:\/\/www.chateau-du-burg.fr\/wp-content\/uploads\/2024\/01\/IMG_2513-768x674.jpg 768w, https:\/\/www.chateau-du-burg.fr\/wp-content\/uploads\/2024\/01\/IMG_2513.jpg 1140w\" sizes=\"(max-width: 1024px) 100vw, 1024px\" \/><\/figure>\n<\/figure>\n<\/div>\n<\/div>\n<\/div>\n\n\n\n<div class=\"wp-block-group alignfull is-layout-flow wp-block-group-is-layout-flow\">\n<div class=\"wp-block-group alignfull is-layout-flow wp-block-group-is-layout-flow\">\n<div class=\"wp-block-group alignfull has-global-padding is-layout-constrained wp-container-10 wp-block-group-is-layout-constrained\" style=\"padding-top:var(--wp--preset--spacing--superbspacing-xxlarge);padding-right:var(--wp--preset--spacing--superbspacing-small);padding-bottom:var(--wp--preset--spacing--superbspacing-xxlarge);padding-left:var(--wp--preset--spacing--superbspacing-small)\">\n<div class=\"wp-block-columns alignwide is-layout-flex wp-container-9 wp-block-columns-is-layout-flex\" style=\"margin-top:0;margin-bottom:0\">\n<div class=\"wp-block-column is-vertically-aligned-center is-layout-flow wp-container-7 wp-block-column-is-layout-flow\">\n<h2 class=\"wp-block-heading has-text-align-left has-primary-color has-text-color has-superbfont-xxsmall-font-size\" style=\"font-style:normal;font-weight:700;letter-spacing:5px;text-transform:uppercase\">LE JArdin<\/h2>\n\n\n\n<p class=\"has-text-align-left has-secondary-color has-text-color has-superbfont-medium-font-size\">D&#8217;une superficie g\u00e9n\u00e9reuse de 3500 m2, notre jardin soigneusement am\u00e9nag\u00e9 vous permettra de passer des soir\u00e9es agr\u00e9ables en famille ou entre amis.<\/p>\n<\/div>\n\n\n\n<div class=\"wp-block-column is-vertically-aligned-center is-layout-flow wp-container-8 wp-block-column-is-layout-flow\" style=\"padding-right:0;padding-bottom:0;padding-left:0\">\n<figure class=\"wp-block-image size-large has-custom-border\"><img decoding=\"async\" loading=\"lazy\" width=\"1024\" height=\"768\" src=\"https:\/\/www.chateau-du-burg.fr\/wp-content\/uploads\/2024\/01\/IMG_3744-1024x768.jpg\" alt=\"\" class=\"wp-image-1592\" style=\"border-radius:20px\" srcset=\"https:\/\/www.chateau-du-burg.fr\/wp-content\/uploads\/2024\/01\/IMG_3744-1024x768.jpg 1024w, https:\/\/www.chateau-du-burg.fr\/wp-content\/uploads\/2024\/01\/IMG_3744-300x225.jpg 300w, https:\/\/www.chateau-du-burg.fr\/wp-content\/uploads\/2024\/01\/IMG_3744-768x576.jpg 768w, https:\/\/www.chateau-du-burg.fr\/wp-content\/uploads\/2024\/01\/IMG_3744-1536x1152.jpg 1536w, https:\/\/www.chateau-du-burg.fr\/wp-content\/uploads\/2024\/01\/IMG_3744-2048x1536.jpg 2048w\" sizes=\"(max-width: 1024px) 100vw, 1024px\" \/><\/figure>\n<\/div>\n<\/div>\n<\/div>\n\n\n\n<div class=\"wp-block-group alignfull is-layout-flow wp-block-group-is-layout-flow\">\n<div class=\"wp-block-group alignfull has-global-padding is-layout-constrained wp-container-14 wp-block-group-is-layout-constrained\" style=\"padding-top:var(--wp--preset--spacing--superbspacing-xxlarge);padding-right:var(--wp--preset--spacing--superbspacing-small);padding-bottom:var(--wp--preset--spacing--superbspacing-xxlarge);padding-left:var(--wp--preset--spacing--superbspacing-small)\">\n<div class=\"wp-block-columns alignwide is-layout-flex wp-container-13 wp-block-columns-is-layout-flex\" style=\"margin-top:0;margin-bottom:0\">\n<div class=\"wp-block-column is-vertically-aligned-center is-layout-flow wp-container-11 wp-block-column-is-layout-flow\">\n<h2 class=\"wp-block-heading has-text-align-left has-primary-color has-text-color has-superbfont-xxsmall-font-size\" style=\"font-style:normal;font-weight:700;letter-spacing:5px;text-transform:uppercase\">Et tout le reste<\/h2>\n\n\n\n<p class=\"has-secondary-color has-text-color has-superbfont-medium-font-size\">\u00c0 proximit\u00e9 de la piscine, notre pool house offre un espace ombrag\u00e9 pour se reposer entre les baignades. <\/p>\n\n\n\n<p class=\"has-secondary-color has-text-color has-superbfont-medium-font-size\">Les plus jeunes membres de votre groupe appr\u00e9cieront les aires de jeux sp\u00e9cialement con\u00e7ues pour eux. Des balan\u00e7oires au toboggan, les enfants peuvent s&#8217;amuser en toute s\u00e9curit\u00e9 pendant que les adultes se d\u00e9tendent.<\/p>\n<\/div>\n\n\n\n<div class=\"wp-block-column is-vertically-aligned-center is-layout-flow wp-container-12 wp-block-column-is-layout-flow\" style=\"padding-right:0;padding-bottom:0;padding-left:0\">\n<figure class=\"wp-block-image size-large has-custom-border\"><img decoding=\"async\" loading=\"lazy\" width=\"1024\" height=\"768\" src=\"https:\/\/www.chateau-du-burg.fr\/wp-content\/uploads\/2024\/01\/IMG_2518-1024x768.jpg\" alt=\"\" class=\"wp-image-1593\" style=\"border-radius:20px\" srcset=\"https:\/\/www.chateau-du-burg.fr\/wp-content\/uploads\/2024\/01\/IMG_2518-1024x768.jpg 1024w, https:\/\/www.chateau-du-burg.fr\/wp-content\/uploads\/2024\/01\/IMG_2518-300x225.jpg 300w, https:\/\/www.chateau-du-burg.fr\/wp-content\/uploads\/2024\/01\/IMG_2518-768x576.jpg 768w, https:\/\/www.chateau-du-burg.fr\/wp-content\/uploads\/2024\/01\/IMG_2518-1536x1152.jpg 1536w, https:\/\/www.chateau-du-burg.fr\/wp-content\/uploads\/2024\/01\/IMG_2518-2048x1536.jpg 2048w\" sizes=\"(max-width: 1024px) 100vw, 1024px\" \/><\/figure>\n<\/div>\n<\/div>\n<\/div>\n<\/div>\n\n\n\n<div class=\"wp-block-superb-addons-cover-image\"><div class=\"superbaddons-coverimage-block\" style=\"border-radius:0%;min-height:400px;background-image:url(https:\/\/www.chateau-du-burg.fr\/wp-content\/uploads\/2024\/01\/PXL_20230711_172817682.MP2_-scaled.jpg);background-position:46% 24%;background-size:cover;background-repeat:no-repeat\"><\/div><\/div>\n<\/div>\n<\/div>\n","protected":false},"excerpt":{"rendered":"<p>Une piscine Plongez dans une oasis de rafra\u00eechissement avec notre piscine de 5m par 12m, le point central des chaudes journ\u00e9es d&#8217;\u00e9t\u00e9 au ch\u00e2teau. Entour\u00e9e de chaises longues confortables, la piscine offre un cadre paisible pour se d\u00e9tendre et profiter du soleil. LE JArdin D&#8217;une superficie g\u00e9n\u00e9reuse de 3500 m2, notre jardin soigneusement am\u00e9nag\u00e9 vous [&hellip;]<\/p>\n","protected":false},"author":1,"featured_media":1599,"parent":0,"menu_order":0,"comment_status":"closed","ping_status":"closed","template":"wp-custom-template-jujus","meta":{"footnotes":""},"_links":{"self":[{"href":"https:\/\/www.chateau-du-burg.fr\/index.php?rest_route=\/wp\/v2\/pages\/1605"}],"collection":[{"href":"https:\/\/www.chateau-du-burg.fr\/index.php?rest_route=\/wp\/v2\/pages"}],"about":[{"href":"https:\/\/www.chateau-du-burg.fr\/index.php?rest_route=\/wp\/v2\/types\/page"}],"author":[{"embeddable":true,"href":"https:\/\/www.chateau-du-burg.fr\/index.php?rest_route=\/wp\/v2\/users\/1"}],"replies":[{"embeddable":true,"href":"https:\/\/www.chateau-du-burg.fr\/index.php?rest_route=%2Fwp%2Fv2%2Fcomments&post=1605"}],"version-history":[{"count":5,"href":"https:\/\/www.chateau-du-burg.fr\/index.php?rest_route=\/wp\/v2\/pages\/1605\/revisions"}],"predecessor-version":[{"id":1685,"href":"https:\/\/www.chateau-du-burg.fr\/index.php?rest_route=\/wp\/v2\/pages\/1605\/revisions\/1685"}],"wp:featuredmedia":[{"embeddable":true,"href":"https:\/\/www.chateau-du-burg.fr\/index.php?rest_route=\/wp\/v2\/media\/1599"}],"wp:attachment":[{"href":"https:\/\/www.chateau-du-burg.fr\/index.php?rest_route=%2Fwp%2Fv2%2Fmedia&parent=1605"}],"curies":[{"name":"wp","href":"https:\/\/api.w.org\/{rel}","templated":true}]}}