{"id":1562,"date":"2024-01-15T13:14:26","date_gmt":"2024-01-15T13:14:26","guid":{"rendered":"https:\/\/www.chateau-du-burg.fr\/?page_id=1562"},"modified":"2024-06-04T13:19:15","modified_gmt":"2024-06-04T13:19:15","slug":"contact","status":"publish","type":"page","link":"https:\/\/www.chateau-du-burg.fr\/?page_id=1562","title":{"rendered":"Contact"},"content":{"rendered":"\n<div class=\"wp-block-columns alignwide is-layout-flex wp-container-8 wp-block-columns-is-layout-flex\" style=\"margin-top:0;margin-bottom:0\">\n<div class=\"wp-block-column is-vertically-aligned-center is-layout-flow wp-container-5 wp-block-column-is-layout-flow\">\n<div class=\"wp-block-group has-global-padding is-layout-constrained wp-container-1 wp-block-group-is-layout-constrained\">\n<h2 class=\"wp-block-heading has-text-align-left has-primary-color has-text-color has-superbfont-xxsmall-font-size\" style=\"font-style:normal;font-weight:700;letter-spacing:5px;text-transform:uppercase\">contactez Nous<\/h2>\n\n\n\n<p class=\"has-text-align-left has-secondary-color has-text-color has-superbfont-small-font-size\">Nous sommes ravis de r\u00e9pondre \u00e0 toutes vos questions et de vous assister dans la planification de votre s\u00e9jour. N&#8217;h\u00e9sitez pas \u00e0 nous contacter via les informations ci-dessous :<\/p>\n<\/div>\n\n\n\n<div class=\"wp-block-group has-global-padding is-layout-constrained wp-container-4 wp-block-group-is-layout-constrained\">\n<div class=\"wp-block-group has-base-background-color has-background is-nowrap is-layout-flex wp-container-2 wp-block-group-is-layout-flex\" style=\"border-style:none;border-width:0px;border-radius:0px;padding-top:0;padding-right:0;padding-bottom:0;padding-left:0\">\n<figure class=\"wp-block-image aligncenter size-large is-resized\"><img decoding=\"async\" loading=\"lazy\" src=\"https:\/\/www.chateau-du-burg.fr\/wp-content\/uploads\/2024\/01\/icon-email.png\" alt=\"\" style=\"width:32px;height:32px\" width=\"32\" height=\"32\"\/><\/figure>\n\n\n\n<p class=\"has-superbfont-small-font-size\">nickiskipy@gmail.com<\/p>\n<\/div>\n\n\n\n<div class=\"wp-block-group has-base-background-color has-background is-nowrap is-layout-flex wp-container-3 wp-block-group-is-layout-flex\" style=\"border-style:none;border-width:0px;border-radius:0px;padding-top:0;padding-right:0;padding-bottom:0;padding-left:0\">\n<figure class=\"wp-block-image aligncenter size-large is-resized\"><img decoding=\"async\" loading=\"lazy\" src=\"https:\/\/www.chateau-du-burg.fr\/wp-content\/uploads\/2024\/01\/icon-push-pin-simple.png\" alt=\"\" style=\"width:32px;height:32px\" width=\"32\" height=\"32\"\/><\/figure>\n\n\n\n<p class=\"has-superbfont-small-font-size\">Le Burg 87 380 St Germain Les Belles<\/p>\n<\/div>\n<\/div>\n<\/div>\n\n\n\n<div class=\"wp-block-column is-vertically-aligned-center is-layout-flow wp-container-7 wp-block-column-is-layout-flow\" style=\"padding-right:0;padding-bottom:0;padding-left:0\">\n<figure class=\"wp-block-image size-large has-custom-border wp-duotone-unset-6\"><img decoding=\"async\" loading=\"lazy\" width=\"1024\" height=\"796\" src=\"https:\/\/www.chateau-du-burg.fr\/wp-content\/uploads\/2024\/01\/69627fe2-5d52-4fdf-9926-a38bc9eecb95-1024x796.jpg\" alt=\"\" class=\"wp-image-1580\" style=\"border-radius:16px\" srcset=\"https:\/\/www.chateau-du-burg.fr\/wp-content\/uploads\/2024\/01\/69627fe2-5d52-4fdf-9926-a38bc9eecb95-1024x796.jpg 1024w, https:\/\/www.chateau-du-burg.fr\/wp-content\/uploads\/2024\/01\/69627fe2-5d52-4fdf-9926-a38bc9eecb95-300x233.jpg 300w, https:\/\/www.chateau-du-burg.fr\/wp-content\/uploads\/2024\/01\/69627fe2-5d52-4fdf-9926-a38bc9eecb95-768x597.jpg 768w, https:\/\/www.chateau-du-burg.fr\/wp-content\/uploads\/2024\/01\/69627fe2-5d52-4fdf-9926-a38bc9eecb95-1536x1194.jpg 1536w, https:\/\/www.chateau-du-burg.fr\/wp-content\/uploads\/2024\/01\/69627fe2-5d52-4fdf-9926-a38bc9eecb95.jpg 1600w\" sizes=\"(max-width: 1024px) 100vw, 1024px\" \/><\/figure>\n<\/div>\n<\/div>\n\n\n\n<div class=\"wp-block-group alignfull is-layout-flow wp-block-group-is-layout-flow\">\n<div class=\"wp-block-group alignfull is-layout-flow wp-block-group-is-layout-flow\">\n<div class=\"wp-block-group alignfull has-global-padding is-layout-constrained wp-container-14 wp-block-group-is-layout-constrained\" style=\"margin-top:0;margin-bottom:0;padding-top:var(--wp--preset--spacing--superbspacing-large);padding-right:0;padding-bottom:var(--wp--preset--spacing--superbspacing-large);padding-left:0\">\n<div class=\"wp-block-group alignwide has-global-padding is-layout-constrained wp-container-9 wp-block-group-is-layout-constrained\">\n<h4 class=\"wp-block-heading has-text-align-center has-primary-color has-text-color has-superbfont-xxsmall-font-size\" style=\"font-style:normal;font-weight:700;letter-spacing:5px;text-transform:uppercase\">Pour nous rendre visite<\/h4>\n\n\n\n<h2 class=\"wp-block-heading has-text-align-center has-contrast-color has-text-color has-superbfont-xlarge-font-size\">Saint Germain les Belles<\/h2>\n<\/div>\n\n\n\n<div class=\"wp-block-columns alignwide is-layout-flex wp-container-13 wp-block-columns-is-layout-flex\">\n<div class=\"wp-block-column is-vertically-aligned-center is-layout-flow wp-container-10 wp-block-column-is-layout-flow\">\n<figure class=\"wp-block-image aligncenter size-full\"><img decoding=\"async\" loading=\"lazy\" width=\"100\" height=\"100\" src=\"https:\/\/www.chateau-du-burg.fr\/wp-content\/uploads\/2024\/01\/automobile.jpg\" alt=\"\" class=\"wp-image-1669\"\/><\/figure>\n\n\n\n<h3 class=\"wp-block-heading has-text-align-center has-contrast-color has-text-color has-superbfont-small-font-size\">Auto<\/h3>\n\n\n\n<ul>\n<li>4h de Paris<\/li>\n\n\n\n<li>2h30 de Toulouse<\/li>\n\n\n\n<li>2h30 de Bordeau<\/li>\n\n\n\n<li>20mn de Limoges<\/li>\n<\/ul>\n<\/div>\n\n\n\n<div class=\"wp-block-column is-vertically-aligned-center is-layout-flow wp-container-11 wp-block-column-is-layout-flow\">\n<figure class=\"wp-block-image aligncenter size-full is-resized\"><img decoding=\"async\" loading=\"lazy\" src=\"https:\/\/www.chateau-du-burg.fr\/wp-content\/uploads\/2024\/01\/train.jpg\" alt=\"\" class=\"wp-image-1671\" style=\"width:80px;height:80px\" width=\"80\" height=\"80\"\/><\/figure>\n\n\n\n<h3 class=\"wp-block-heading has-text-align-center has-contrast-color has-text-color has-superbfont-small-font-size\">Train<\/h3>\n\n\n\n<ul>\n<li>25mn de route de la gare de Limoges.<\/li>\n\n\n\n<li>Les gares de Magnac Bourg et Saint Germain les Belles sont \u00e9galement desservies quotidiennement. <\/li>\n<\/ul>\n<\/div>\n\n\n\n<div class=\"wp-block-column is-vertically-aligned-center is-layout-flow wp-container-12 wp-block-column-is-layout-flow\">\n<figure class=\"wp-block-image aligncenter size-full is-resized\"><img decoding=\"async\" loading=\"lazy\" src=\"https:\/\/www.chateau-du-burg.fr\/wp-content\/uploads\/2024\/01\/avion.jpg\" alt=\"\" class=\"wp-image-1670\" style=\"width:80px;height:80px\" width=\"80\" height=\"80\"\/><\/figure>\n\n\n\n<h3 class=\"wp-block-heading has-text-align-center has-contrast-color has-text-color has-superbfont-small-font-size\">Avion<\/h3>\n\n\n\n<ul>\n<li>A\u00e9roport de Limoges Bellegarde \u00e0 35mn<\/li>\n\n\n\n<li>A\u00e9roport de Brive-Vall\u00e9e de la Dordogne \u00e0 50mn<\/li>\n<\/ul>\n<\/div>\n<\/div>\n<\/div>\n<\/div>\n<\/div>\n","protected":false},"excerpt":{"rendered":"<p>contactez Nous Nous sommes ravis de r\u00e9pondre \u00e0 toutes vos questions et de vous assister dans la planification de votre s\u00e9jour. N&#8217;h\u00e9sitez pas \u00e0 nous contacter via les informations ci-dessous : nickiskipy@gmail.com Le Burg 87 380 St Germain Les Belles Pour nous rendre visite Saint Germain les Belles Auto Train Avion<\/p>\n","protected":false},"author":1,"featured_media":1531,"parent":0,"menu_order":0,"comment_status":"closed","ping_status":"closed","template":"wp-custom-template-jujus","meta":{"footnotes":""},"_links":{"self":[{"href":"https:\/\/www.chateau-du-burg.fr\/index.php?rest_route=\/wp\/v2\/pages\/1562"}],"collection":[{"href":"https:\/\/www.chateau-du-burg.fr\/index.php?rest_route=\/wp\/v2\/pages"}],"about":[{"href":"https:\/\/www.chateau-du-burg.fr\/index.php?rest_route=\/wp\/v2\/types\/page"}],"author":[{"embeddable":true,"href":"https:\/\/www.chateau-du-burg.fr\/index.php?rest_route=\/wp\/v2\/users\/1"}],"replies":[{"embeddable":true,"href":"https:\/\/www.chateau-du-burg.fr\/index.php?rest_route=%2Fwp%2Fv2%2Fcomments&post=1562"}],"version-history":[{"count":14,"href":"https:\/\/www.chateau-du-burg.fr\/index.php?rest_route=\/wp\/v2\/pages\/1562\/revisions"}],"predecessor-version":[{"id":1706,"href":"https:\/\/www.chateau-du-burg.fr\/index.php?rest_route=\/wp\/v2\/pages\/1562\/revisions\/1706"}],"wp:featuredmedia":[{"embeddable":true,"href":"https:\/\/www.chateau-du-burg.fr\/index.php?rest_route=\/wp\/v2\/media\/1531"}],"wp:attachment":[{"href":"https:\/\/www.chateau-du-burg.fr\/index.php?rest_route=%2Fwp%2Fv2%2Fmedia&parent=1562"}],"curies":[{"name":"wp","href":"https:\/\/api.w.org\/{rel}","templated":true}]}}