{"id":146,"date":"2007-09-04T09:52:50","date_gmt":"2007-09-04T16:52:50","guid":{"rendered":"http:\/\/wpthemetestdata.wordpress.com\/lorem-ipsum\/"},"modified":"2025-02-18T12:43:43","modified_gmt":"2025-02-18T12:43:43","slug":"lorem-ipsum","status":"publish","type":"page","link":"https:\/\/www.chateau-du-burg.fr\/?page_id=146","title":{"rendered":"Histoire du ch\u00e2teau du Burg"},"content":{"rendered":"\n<p>Le Burg occupe une position strat\u00e9gique de surveillance qui verrouille la vall\u00e9e de la Briance et surveille le carrefour de la Croix du Vert.<br>Le site fut fortifi\u00e9 au temps des Carolingiens qui ont laiss\u00e9 un nom h\u00e9rit\u00e9 du dialecte germain : On trouve des &#8216;Burg&#8221; en d&#8217;autres lieux du Limousin\u2026comme dans la vall\u00e9e du Rhin\u2026<\/p>\n\n\n\n<p>La premi\u00e8re mention du Burg appara\u00eet en Mai 997 dans le Cartulaire des moines b\u00e9n\u00e9dictins d&#8217;Uzerche, relatant le don fait \u00e0 l&#8217;abbaye par SENEGONDE, \u00e9pouse du &#8220;senior BECERIAS&#8221;, fils d&#8217;ERBERT, des revenus de deux &#8220;manses&#8221; (domaines) sis l&#8217;un \u00e0 la villa Perucia ( Perousse) et l&#8217;autre \u00e0 Burgo (Burg) situes dans la vicairie de Curzac. Nous privil\u00e9gions Le Burg de Saint Germain \u00e0 celui de Linard, sans preuves formelles, par intime conviction . Ce don avait pour t\u00e9moin Le Vicomte ADEMAR de Limoges, MELLISSENDE etc\u2026<\/p>\n\n\n\n<p>Au moyen-Age, le Burg \u00e9tait un fief seigneurial qui comprenait, comme tout fief, la maison du chevalier avec sa r\u00e9serve, un ou plusieurs domaines exploit\u00e9s par des m\u00e9tayers et l&#8217;indispensable moulin.<\/p>\n\n\n\n<figure class=\"wp-block-image size-large\"><img decoding=\"async\" loading=\"lazy\" width=\"1024\" height=\"518\" src=\"https:\/\/www.chateau-du-burg.fr\/wp-content\/uploads\/2024\/01\/vieuxCateau-1024x518.jpg\" alt=\"\" class=\"wp-image-1547\" srcset=\"https:\/\/www.chateau-du-burg.fr\/wp-content\/uploads\/2024\/01\/vieuxCateau-1024x518.jpg 1024w, https:\/\/www.chateau-du-burg.fr\/wp-content\/uploads\/2024\/01\/vieuxCateau-300x152.jpg 300w, https:\/\/www.chateau-du-burg.fr\/wp-content\/uploads\/2024\/01\/vieuxCateau-768x388.jpg 768w, https:\/\/www.chateau-du-burg.fr\/wp-content\/uploads\/2024\/01\/vieuxCateau.jpg 1171w\" sizes=\"(max-width: 1024px) 100vw, 1024px\" \/><\/figure>\n\n\n\n<p>Les premiers seigneurs du Burg \u00e9taient G\u00e9raud et Gauthier DE FRACHET qui, en 1233, rendaient hommage \u00e0 l&#8217;abbaye de Solignac pour le mas de Frachet, hommage renouvel\u00e9 par Gauthier en 1266. Les FRACHET \u00e9taient issus d&#8217;une vieille famille limousine originaire de Chalus qui a donn\u00e9 de nombreux hommes d\u2019\u00e9glise ( beaucoup sent enterres \u00e0 Solignac) et des hommes de guerre. Ils \u00e9taient puissants et en cour chez le Vicomte de Limoges qui donna \u00e0 Pierre de FRACHET, en 1353, la moiti\u00e9 du ch\u00e2teau de Chalusset construit un si\u00e8cle plus t\u00f4t; l&#8217;autre moitie \u00e9tait attribu\u00e9e \u00e0 G\u00e9rard de MAUMONT.<\/p>\n\n\n\n<p>Nous pensons que la seigneurie du Burg s&#8217;appelait &#8221; Le Burg de Frachet&#8221; ; \u00e0 cause du moulin appel\u00e9 tant\u00f4t &#8220;moulin du Burg&#8221; et tant\u00f4t &#8220;moulin de Frachet&#8221; \u00e0 la fin du Moyen Age. Elle pouvait s\u2019\u00e9tendre jusqu\u2019\u00e0 Cholus et Veyvialle.<\/p>\n\n\n\n<p>Les Frachet, tr\u00e8s attach\u00e9s \u00e0 l\u2019\u00e9glise, ont certainement contribu\u00e9 \u00e0 la christianisation de la contr\u00e9e. II n&#8217;y a pas trace de chapelle au Burg mais, dans le village de Frachet, existe une terre appel\u00e9e &#8220;le cimeti\u00e8re&#8221; en souvenir d&#8217;une ancienne n\u00e9cropole&#8230;pr\u00e9s d&#8217;une possible chapelle dont il ne reste aucune trace.<\/p>\n\n\n\n<p>En 1275, les FRACHET, en perte de puissance, vendent leur part du ch\u00e2teau de Chalusset aux MAUMONT.<\/p>\n\n\n\n<p>Aux 13e et 14e si\u00e8cle, les PIERRE BUFFIERE , mont\u00e9s en puissance, r\u00e8gnent sur le pays au sud de Limoges. Ils tiennent la baronnie de Magnac dont d\u00e9pend le Burg. En 1282, Pierre de PIERRE BUFFIERE marie sa fille Seguine avec Ramnulphe d&#8217;AUBUSSON sieur de Pontarion et autres lieux. Dans la corbeille de mariage, il lui c\u00e8de les &#8220;manses&#8221; de Chaulus, Frachet, Brudieu, Chassagnas et de la paroisse de Saint Germain.<\/p>\n\n\n\n<p>Les ann\u00e9es passent&#8230; Au 15e si\u00e8cle, Frachet avec son moulin et vraisemblablement le Burg, sont, par h\u00e9ritage ou vente, propri\u00e9t\u00e9 de Guillaume, Seigneur des Mureaux qui les afferme \u00e0 Guillaume Du Bois de Saint Germain.<\/p>\n\n\n\n<p>Etait-il apparent\u00e9 avec le Sire Helie du BOYS, bourgeois et marchand de Limoges qui poss\u00e9dait, entre autres, en 1 551, les domaines du Terrier, du Py et de Lafarge en la paroisse de Vicq, jouxtant Magnac.<\/p>\n\n\n\n<p>Apr\u00e8s les guerres de religion, !es grands seigneurs ont perdu une grande partie de leurs biens fonciers au profit des bourgeois de Limoges.<\/p>\n\n\n\n<p>En 1598, les terres de Frachet et le moulin du Burg appartiennent \u00e0 Jean BOYOL, bourgeois descendant de la famille des BOYOL (alias BOUYOL) bien connue \u00e0 Limoges.<\/p>\n\n\n\n<p>Lui a succ\u00e9d\u00e9 Guillaume BOUYOL , dit &#8220;Sieur du Burg&#8221;, mort en 1655, \u00e9poux de Narde de Cordes. Les terres du Burg \u00e9taient assujetties \u00e0 une rente annuelle et perp\u00e9tuelle de 15 sols aux religieuses des Allois, \u00e0 payer solidairement par les tenanciers: Demary dit Pigoulaud, Jean Gay dit Delegue et Louis du Burg. (ADHV 23 H 151)<\/p>\n\n\n\n<p>En 1683-1684, d\u2019apr\u00e8s les registres paroissiaux, des MAUMONT et des DENARDOU \u00e9taient m\u00e9tayers au Burg.<\/p>\n\n\n\n<p>En 1706 et en 1713, on notait encore la pr\u00e9sence des BOYOL \u00e0 Frachet. En 1721, le ch\u00e2teau et les terres du Burg sont la propri\u00e9t\u00e9 de Leonard PETIT, bourgeois et marchand \u00e0 Limoges. Le m\u00e9tayer, Leonard ANDRIEUX \u00e9poux de Th\u00e9r\u00e8se CHEZE , habite au rez de chauss\u00e9e alors que le premier \u00e9tage est occup\u00e9 par &#8220;le messager&#8221;.<\/p>\n\n\n\n<p>En 1743, par h\u00e9ritage, le Burg a \u00e9chu \u00e0 la Demoiselle PETIT. Le village compte alors trois faux : le ch\u00e2teau, occup\u00e9 par le m\u00e9tayer, L\u00e9onard LEGER et deux maisons appartenant \u00e0 des laboureurs MAZEAU et PEJOU.<\/p>\n\n\n\n<p>Dans les b\u00e2timents d\u00e9pendant du ch\u00e2teau<em>: <\/em>deux granges, l\u2019une de 5 trav\u00e9es et l&#8217;autre de trois, et une \u00e9table avait \u00e9t\u00e9 recens\u00e9e : 4 b\u0153ufs, 6 vaches, 15 brebis, 4 cochons et une ch\u00e8vre. Sont attenants: un coudert, un jardin et une parcelle dite &#8220;la vigne&#8221;.<\/p>\n\n\n\n<p>Avant la R\u00e9volution, vestige de la f\u00e9odalit\u00e9, le Burg relevait, pour la justice, de la Baronnie de Magnac et pour l\u2019\u00c9glise, de ta paroisse de Saint Germain.<\/p>\n\n\n\n<p>Le 2 septembre 1810, devant Me BOUILLON notaire \u00e0 Thiviers (24), Louis GRANGER propri\u00e9taire demeurant \u00e0 Paris, vend la terre du Burg en Saint Germain au Sr Patrice BUGEAUD de la Piconnerie moyennant la somme de 32 457 F dont quittance est d\u00e9livr\u00e9e par M. DELIGNAC notaire \u00e0 Vicq le 15 Juillet 1811.<\/p>\n\n\n\n<p>Le 5 D\u00e9cembre 1810 , Jean MEDAS, cultivateur au Burg, c\u00e8de une maison en ruine, coudert, jardin et ch\u00e8nevi\u00e8re situ\u00e9s au Burg au Sr Patrice BUGEAUD contre un bois de ch\u00e2taignier et une terre, qui promet d&#8217;y faire construire une maison neuve. au lieu dit &#8220;le Teillaud &#8220;.<\/p>\n\n\n\n<p>Le 10 Octobre 1810, le Sr BUGEAUD ach\u00e8te au Sr Etienne JOUHAUD de la Bachellerie en Saint Germain, deux domaines situ\u00e9s \u00e0 Cramarigeas moyennant la somme de <strong>40<\/strong><strong>448<\/strong>F Delignac, notaire.<\/p>\n\n\n\n<p>En 1827, le Burg appartient \u00e0 Patrice BUGEAUD DE LA PICONNERIE , propri\u00e9taire, r\u00e9sidant \u00e0 Magnac au ch\u00e2teau de Lostende derri\u00e8re les deux. tours, en face de l&#8217;auberge de l&#8217;Etang). Le 10 Novembre de cette m\u00eame ann\u00e9e, il fait proc\u00e9der en l&#8217;\u00e9tude de Me Guillaume F\u00e9nelon DELIGNAC, notaire \u00e0 Vicq, au fermage de ses divers domaines \u00e0 l\u2019ench\u00e8re, \u00e0 la chandelle, au plus offrant.<br>La r\u00e9serve de Lostende et la m\u00e9tairie de Peyronnet \u00e9choient \u00e0 L\u00e9onard MAZEAU m\u00e9tayer \u00e0 Peyronnet (jadis le Puy Rounet).<\/p>\n\n\n\n<p>Le 28 D\u00e9cembre 1827, le preneur du Burg, M. TREUIL, fait dresser un \u00e9tat des lieux par le notaire qui note scrupuleusement tous les d\u00e9fauts et tous les travaux n\u00e9cessaires. Les b\u00e2timents ont visiblement souffert de n\u00e9gligences et d&#8217;un manque d&#8217;entretien flagrant<\/p>\n\n\n\n<p>Voici quelques d\u00e9tails :<\/p>\n\n\n\n<p>Le ch\u00e2teau du Burg comprenait, \u00e0 l\u2019\u00e9poque,<\/p>\n\n\n\n<ul>\n<li>au rez de chauss\u00e9e : une cuisine avec deux fen\u00eatres \u00e0 petits carreaux, o\u00f9 il en manquait quatorze. Le pav\u00e9 et les portes avaient besoin de r\u00e9parer. Le salon attenant avait une porte d\u2019entr\u00e9e double donnant sur les jardins; les papiers sont d\u00e9chir\u00e9s en plusieurs points; la chemin\u00e9e porte une tablette et un encadrement de glace qui a quitt\u00e9 son aplomb&#8230;<\/li>\n<\/ul>\n\n\n\n<ul>\n<li>au premier \u00e9tage, r\u00e9serv\u00e9 un temps \u00e0 l&#8217;usage des ma\u00eetres, la porte fermait \u00e0 cl\u00e9; le pav\u00e9 en briques avait besoin de refaire en plusieurs endroits, le papier se d\u00e9collait en plusieurs endroits, quelques carreaux manquent aux fen\u00eatres de devant et de derri\u00e8re; le potager a besoin de r\u00e9parer et la fen\u00eatre qui l\u2019\u00e9claire est ferm\u00e9e par un contre-vent.<\/li>\n<\/ul>\n\n\n\n<ul>\n<li>sous le toit, il y a deux greniers dont le plancher est ancien ; celui de gauche, destin\u00e9 \u00e0 recevoir les grains, a une porte qui ferme \u00e0 cl\u00e9; celui de droite a une porte avec un simple loquet. La charpente est assez bonne mais la couverture a besoin de &#8220;ressuivre &#8220;.<\/li>\n\n\n\n<li>l\u2019\u00e9curie est \u00e9quip\u00e9e de cr\u00e8ches et de r\u00e2teliers avec dix sept anneaux; elle est ferm\u00e9e avec une porte \u00e0 imposte en mauvaise menuiserie; il manque deux carreaux; le plafond menace de tomber et la couverture a besoin de ressuivre.<\/li>\n\n\n\n<li>l\u2019\u00e9table des brebis est s\u00e9par\u00e9e de celle des taureaux par une cloison de claies en mauvais \u00e9tat qui a besoin de clouer. les t\u00eati\u00e8res sont en mauvais \u00e9tat, le plancher des barges est fait de planches de cro\u00fbtes et autres bois; la couverture a besoin de quelques tuiles.<\/li>\n\n\n\n<li>La maison du colon jouxte l\u2019\u00e9table \u00e0 cochons et le four. Elle est sans \u00e9tage, couverte de tuiles et poss\u00e8de une cave.<\/li>\n\n\n\n<li>Le s\u00e9choir, couvert de tuiles, est en assez bon \u00e9tat. Dans la cour sont stock\u00e9es des pi\u00e8ces de bois d\u00e9bit\u00e9 :<\/li>\n<\/ul>\n\n\n\n<p>16 planches de ch\u00eane de 6 pieds de long ( env. 2 m) 24 planches de ch\u00eane de 10 pieds ( env 3,33 m)<\/p>\n\n\n\n<p>14 planches de ch\u00eane de 8 pieds ( env. 2,66) et 300 rayons ( lattes ? )<\/p>\n\n\n\n<ul>\n<li>le jardin, en mauvais \u00e9tat de culture, est garni d&#8217;arbres fruitiers, en vigne et autres arbres d&#8217;ornement. II est ferm\u00e9 partiellement par un mur et par des palissades \u00e0 claire-voie ou en haies vives qui sont en mauvais \u00e9tat comme les palissades des pr\u00e9s.<\/li>\n\n\n\n<li>de toutes les p\u00eacheries qui arrosent les pr\u00e9s, une seule tient l&#8217;eau.<\/li>\n<\/ul>\n\n\n\n<p>Le preneur, Elie TREUIL sera tenu de laisser \u00e0 sa sortie de bail le cheptel qu&#8217;il y aura trouv\u00e9 \u00e0 savoir: 3 3&#8217;00 francs de cheptel vif en b\u0153ufs, vaches, cochons, moutons, jument de race et cheptel mort ( charrettes et autre outils) ainsi que 93 brebis, une jument estim\u00e9e 200 francs ( 280, si elle est pleine); 12 setiers de froment, 18 setiers de seigle, 3 setiers de bl\u00e9 noir et 25 \u00e9minaux d&#8217;avoine, le tout pour les semences.<\/p>\n\n\n\n<p>En 1830, selon le cadastre napol\u00e9onien, le domaine du Burg d&#8217;une contenance de 63 ha appartient toujours aux BUGEAUD de Magnac. Il y a toujours deux granges (G 208); \u2022 le jardin (G 207) et la ch\u00e8nevi\u00e8re (G 212). Le village compte deux autres corps de b\u00e2timents G 216 et G 218 appartenant \u00e0 des laboureurs.<\/p>\n\n\n\n<p>Les BUGEAUD garderont le Burg pendant un demi-si\u00e8cle environ.<\/p>\n\n\n\n<p>lls vendront leur domaine en 1878.<\/p>\n\n\n\n<p><strong>Le Burg en 1832 d&#8217;apr\u00e8s le cadastre<\/strong><\/p>\n\n\n\n<figure class=\"wp-block-image size-full\"><img decoding=\"async\" loading=\"lazy\" width=\"582\" height=\"669\" src=\"https:\/\/www.chateau-du-burg.fr\/wp-content\/uploads\/2024\/01\/burgCadastre.jpg\" alt=\"\" class=\"wp-image-1550\" srcset=\"https:\/\/www.chateau-du-burg.fr\/wp-content\/uploads\/2024\/01\/burgCadastre.jpg 582w, https:\/\/www.chateau-du-burg.fr\/wp-content\/uploads\/2024\/01\/burgCadastre-261x300.jpg 261w\" sizes=\"(max-width: 582px) 100vw, 582px\" \/><\/figure>\n\n\n\n<p>Cette vente engendre l\u2019\u00e9clatement du grand domaine en plusieurs lots.<\/p>\n\n\n\n<ul>\n<li>le ch\u00e2teau, sa r\u00e9serve et quelques terres sont acquis par <strong>M.CAMAILHAC<\/strong> auquel succ\u00e9dera en 1883 Jean TEXIER, gendre, puis en 1899 CHAMPARNAUD, son gendre. <\/li>\n\n\n\n<li>Un second lot fut acquis par Louis GOURCEROL, fils de Leonard natif de Glanges et d\u00e9c\u00e9d\u00e9 au Burg en 1880, II avait \u00e9pous\u00e9 Jeanne CHAMPARNAUD&nbsp;; il fit b\u00e2tir une maison en 1883. <\/li>\n\n\n\n<li>Le troisi\u00e8me lot fut achet\u00e9 par L\u00e9onard TEXIER auquel succ\u00e9dera son gendre L\u00e9onard BRONDEAU. puis, en 1930, L\u00e9onard HILAIRE, gendre.<\/li>\n\n\n\n<li>Un quatri\u00e8me lot fut acquis par L\u00e9onard CHATEAU, originaire de Unards, mort au Burg le 2 Mars 1892 \u00e0 l&#8217;\u00e2ge de quatre vingt deux ans, fils de Leonard et de Marguerite ALPHONSOU. De son mariage avec Marguerite BARTHOUT naquit Antoine qui lui succ\u00e9da, puis son petit fils qui fit restaurer la maison.<\/li>\n<\/ul>\n\n\n\n<p>En 1890-93, un \u00e9v\u00e9nement important est venu troubler le paysage du Burg : la construction de la voie ferr\u00e9e Limoges-Brive par Uzerche qui passe au pied du village dans une tranch\u00e9e profonde et l&#8217;ampute de terres cultivables. A l&#8217;origine, semble-t-il, les ing\u00e9nieurs avaient pr\u00e9vu de construire un tunnel mais, apr\u00e8s un effondrement, on continua en tranch\u00e9e. Comme celle-ci isolait compl\u00e8tement le village, il fallut pr\u00e9voir un pont pour assurer les liaisons entre le village et ses terres ainsi qu&#8217;avec les bourgades voisines de Saint Germain et de Magnac.<\/p>\n\n\n\n<p>Au cours des travaux, un souterrain partant du ch\u00e2teau et se dirigeant sers le sud-ouest fut mis au jour. II a disparu. On a d\u00e9couvert aussi un petit aff\u00fbtoir en forme de pendeloque perc\u00e9 d&#8217;un trou, mesurant 30 x 9 x 3 mm ( Collection AUXEMERY)<\/p>\n\n\n\n<p>Selon la l\u00e9gende, des silex et quelques haches en pierres polies auraient \u00e9t\u00e9 d\u00e9couvertes mais sont dispers\u00e9es.<\/p>\n\n\n\n<p>Apr\u00e8s ce rappel historique des terres du Burg, le groupe s&#8217;est rendu au village ou M. DUBOIS et sa fille nous ont pr\u00e9sent\u00e9 le ch\u00e2teau et nous ont <strong>permis<\/strong> la visite des lieux, ce dont nous les remercions vivement.<\/p>\n\n\n\n<p>C&#8217;est un grand b\u00e2timent rectangulaire \u00e0 un \u00e9tage flanqu\u00e9 au milieu de sa fa\u00e7ade ouest d&#8217;une tour carr\u00e9e logeant l&#8217;escalier tournant en bois.. L&#8217;ensemble est coiff\u00e9 d&#8217;un magnifique toit \u00e0 quatre pans, couvert de petites tuiles limousines. <strong>Au<\/strong> pignon nord se dresse une grande chemin\u00e9e ouvrag\u00e9e en briques datant du d\u00e9but du 19e si\u00e8cle.<\/p>\n\n\n\n<p>L\u2019int\u00e9rieur a \u00e9t\u00e9 restaur\u00e9 dans les ann\u00e9es 1975 et pourvu du confort moderne.<\/p>\n\n\n\n<p>La fa\u00e7ade ouest est aust\u00e8re; au pied de la tour nous avons relev\u00e9 l&#8217;exutoire d&#8217;anciennes toilettes plac\u00e9es au premier \u00e9tage. Au rez de chauss\u00e9e: cuisine, salon, salle \u00e0 manger \u00e9quip\u00e9e d&#8217;une chemin\u00e9e monumentale dont l\u2019\u00e2tre \u00e9t\u00e9 r\u00e9cemment rehauss\u00e9 pour am\u00e9liorer le tirage.. On acc\u00e8de \u00e0 l\u2019\u00e9tage par un escalier rampant r\u00e9cent, l\u00e0 se tiennent les chambres.<\/p>\n\n\n\n<p>Nous avons visit\u00e9 le grenier en admirant la belle charpente, \u0153uvre de compagnons.. Les chevrons rehauss\u00e9s sur le sommet du mur permettent la ventilation. On reconna\u00eet bien le grenier qui recevait le bl\u00e9. \u2022<\/p>\n\n\n\n<p>La fa\u00e7ade donnant sur l&#8217;est et les jardins est plus ouvrag\u00e9e : porte d\u2019entr\u00e9e \u00e0 imposte vitr\u00e9 type 16e si\u00e8cle prot\u00e9g\u00e9 par des barreaux de fer. Les chambranles sont en granit taill\u00e9 avec un chanfrein apparent.. Le b\u00e2timent porte des traces de transformations subies au cours des temps. Le portail de la grange a disparu remplac\u00e9 par une double porte vitr\u00e9e mais le linteau en bois a \u00e9t\u00e9 conserv\u00e9. Les encadrements des fen\u00eatres sont en pierres taill\u00e9es. Le toit est \u00e9gay\u00e9 par trois lucarnes en b\u00e2ti\u00e8re.<\/p>\n\n\n\n<p>Dans ce b\u00e2timent, il n&#8217;y pas de sous-sol: ni vo\u00fbte, ni cave. Sa construction peut dater du 16e si\u00e8cle. Ce n&#8217;est pas \u00e0 vrai dire un ch\u00e2teau m\u00e9di\u00e9val. II ne figure pas dans la liste des ch\u00e2teaux du Limousin dress\u00e9e au d\u00e9but du 18e si\u00e8cle. Seuls sont cit\u00e9s \u00e0 St Germain Ies ch\u00e2teaux de Sauvagnac. La Rivi\u00e8re et la Bachelerie.<\/p>\n\n\n\n<p>Le four attenant \u00e0 la maison est prolong\u00e9 par un auvent qui rejoint Ie toit d&#8217;un petit b\u00e2timent.<\/p>\n","protected":false},"excerpt":{"rendered":"<p>Le Burg occupe une position strat\u00e9gique de surveillance qui verrouille la vall\u00e9e de la Briance et surveille le carrefour de la Croix du Vert.Le site fut fortifi\u00e9 au temps des Carolingiens qui ont laiss\u00e9 un nom h\u00e9rit\u00e9 du dialecte germain : On trouve des &#8216;Burg&#8221; en d&#8217;autres lieux du Limousin\u2026comme dans la vall\u00e9e du Rhin\u2026 [&hellip;]<\/p>\n","protected":false},"author":1,"featured_media":1542,"parent":0,"menu_order":7,"comment_status":"closed","ping_status":"closed","template":"wp-custom-template-jujus","meta":{"footnotes":""},"_links":{"self":[{"href":"https:\/\/www.chateau-du-burg.fr\/index.php?rest_route=\/wp\/v2\/pages\/146"}],"collection":[{"href":"https:\/\/www.chateau-du-burg.fr\/index.php?rest_route=\/wp\/v2\/pages"}],"about":[{"href":"https:\/\/www.chateau-du-burg.fr\/index.php?rest_route=\/wp\/v2\/types\/page"}],"author":[{"embeddable":true,"href":"https:\/\/www.chateau-du-burg.fr\/index.php?rest_route=\/wp\/v2\/users\/1"}],"replies":[{"embeddable":true,"href":"https:\/\/www.chateau-du-burg.fr\/index.php?rest_route=%2Fwp%2Fv2%2Fcomments&post=146"}],"version-history":[{"count":13,"href":"https:\/\/www.chateau-du-burg.fr\/index.php?rest_route=\/wp\/v2\/pages\/146\/revisions"}],"predecessor-version":[{"id":1714,"href":"https:\/\/www.chateau-du-burg.fr\/index.php?rest_route=\/wp\/v2\/pages\/146\/revisions\/1714"}],"wp:featuredmedia":[{"embeddable":true,"href":"https:\/\/www.chateau-du-burg.fr\/index.php?rest_route=\/wp\/v2\/media\/1542"}],"wp:attachment":[{"href":"https:\/\/www.chateau-du-burg.fr\/index.php?rest_route=%2Fwp%2Fv2%2Fmedia&parent=146"}],"curies":[{"name":"wp","href":"https:\/\/api.w.org\/{rel}","templated":true}]}}